{"id":147,"date":"2023-12-15T14:16:43","date_gmt":"2023-12-15T13:16:43","guid":{"rendered":"https:\/\/eventasenergia.kernel-solutions.net\/?page_id=147"},"modified":"2023-12-15T14:16:43","modified_gmt":"2023-12-15T13:16:43","slug":"acerca-de","status":"publish","type":"page","link":"https:\/\/eventasenergia.kernel-solutions.net\/index.php\/acerca-de\/","title":{"rendered":"Acerca de"},"content":{"rendered":"<p>[et_pb_section fb_built=\u00bb1&#8243; fullwidth=\u00bbon\u00bb _builder_version=\u00bb4.22.2&#8243; _module_preset=\u00bbdefault\u00bb bottom_divider_style=\u00bbwave\u00bb bottom_divider_color=\u00bb#FFFFFF\u00bb bottom_divider_flip=\u00bbvertical\u00bb global_colors_info=\u00bb{}\u00bb][et_pb_fullwidth_slider module_id=\u00bbslide1&#8243; _builder_version=\u00bb4.22.2&#8243; _module_preset=\u00bbdefault\u00bb global_colors_info=\u00bb{}\u00bb][et_pb_slide heading=\u00bbSu t\u00edtulo va aqu\u00ed\u00bb button_text=\u00bbClics\u00bb use_bg_overlay=\u00bboff\u00bb use_text_overlay=\u00bboff\u00bb _builder_version=\u00bb4.22.2&#8243; _module_preset=\u00bbdefault\u00bb background_color=\u00bb#28436b\u00bb background_enable_color=\u00bbon\u00bb background_image=\u00bbhttps:\/\/eventasenergia.kernel-solutions.net\/wp-content\/uploads\/2023\/11\/sli3.jpg\u00bb background_enable_image=\u00bbon\u00bb parallax=\u00bbon\u00bb background_enable_mask_style=\u00bbon\u00bb background_mask_style=\u00bbchevrons\u00bb background_mask_color=\u00bbrgba(40,67,107,0.88)\u00bb background_mask_transform=\u00bbflip_horizontal|invert\u00bb background_mask_size=\u00bbcustom\u00bb background_mask_width=\u00bb50%\u00bb background_mask_height=\u00bb100%\u00bb background_mask_position=\u00bbcenter_left\u00bb background_mask_horizontal_offset=\u00bb77%\u00bb global_colors_info=\u00bb{}\u00bb sticky_transition=\u00bbon\u00bb]<\/p>\n<p>Your content goes here. Edit or remove this text inline or in the module Content settings. You can also style every aspect of this content in the module Design settings and even apply custom CSS to this text in the module Advanced settings.<\/p>\n<p>[\/et_pb_slide][et_pb_slide heading=\u00bbSu t\u00edtulo va aqu\u00ed\u00bb button_text=\u00bbClics\u00bb _builder_version=\u00bb4.22.2&#8243; _module_preset=\u00bbdefault\u00bb global_colors_info=\u00bb{}\u00bb sticky_transition=\u00bbon\u00bb]<\/p>\n<p>Your content goes here. Edit or remove this text inline or in the module Content settings. You can also style every aspect of this content in the module Design settings and even apply custom CSS to this text in the module Advanced settings.<\/p>\n<p>[\/et_pb_slide][\/et_pb_fullwidth_slider][\/et_pb_section][et_pb_section fb_built=\u00bb1&#8243; _builder_version=\u00bb4.22.2&#8243; _module_preset=\u00bbdefault\u00bb top_divider_color=\u00bb#7ebec5&#8243; global_colors_info=\u00bb{}\u00bb][et_pb_row column_structure=\u00bb3_5,2_5&#8243; _builder_version=\u00bb4.22.2&#8243; _module_preset=\u00bbdefault\u00bb custom_padding=\u00bb||||false|false\u00bb global_colors_info=\u00bb{}\u00bb][et_pb_column type=\u00bb3_5&#8243; _builder_version=\u00bb4.22.2&#8243; _module_preset=\u00bbdefault\u00bb global_colors_info=\u00bb{}\u00bb][et_pb_text _builder_version=\u00bb4.22.2&#8243; _module_preset=\u00bbdefault\u00bb global_colors_info=\u00bb{}\u00bb]<\/p>\n<p style=\"text-align: justify;\">Desde su fundaci\u00f3n en 2010, EVENTAS ENERG\u00cdA ha establecido nuevos est\u00e1ndares de excelencia en el \u00e1mbito de la promoci\u00f3n y venta de contratos energ\u00e9ticos, colaborando exclusivamente con Naturgy, l\u00edder en el mercado espa\u00f1ol de luz y gas.<\/p>\n<p style=\"text-align: justify;\">Nuestro avanzado CRM, <strong>NODO \u00c1MBAR<\/strong>, nos permite segmentar nuestros servicios en departamentos especializados: <strong>PYMES<\/strong>, <strong>Residencial<\/strong>, y <strong>Ingenier\u00eda<\/strong>. Gracias a un equipo altamente cualificado en nuestro departamento de Ingenier\u00eda, ofrecemos soluciones de vanguardia en \u00e1reas como la fotovoltaica, baja tensi\u00f3n, y sistemas de gas y calefacci\u00f3n.<\/p>\n<p style=\"text-align: justify;\">Uno de nuestros pilares fundamentales es nuestra red comercial. Nos enorgullece proporcionar un soporte constante y apoyo a esta red, garantizando que cuenten con todas las herramientas y recursos necesarios para un trabajo \u00e1gil y profesional. Esta dedicaci\u00f3n a nuestra red comercial refleja nuestro compromiso con la excelencia en todos los niveles de la operaci\u00f3n.<\/p>\n<p style=\"text-align: justify;\">Con centros estrat\u00e9gicamente ubicados a lo largo de la pen\u00ednsula y un equipo de distribuidores y comerciales aut\u00f3nomos, garantizamos atenci\u00f3n personalizada y cercana. Adem\u00e1s, nos enorgullecemos de contar con profesionales con m\u00e1s de 20 a\u00f1os de experiencia en el sector, especializados en tramitaci\u00f3n y postventa.<\/p>\n<p>[\/et_pb_text][\/et_pb_column][et_pb_column type=\u00bb2_5&#8243; _builder_version=\u00bb4.22.2&#8243; _module_preset=\u00bbdefault\u00bb global_colors_info=\u00bb{}\u00bb][et_pb_number_counter title=\u00bbContratos gestionados\u00bb number=\u00bb5000&#8243; percent_sign=\u00bboff\u00bb _builder_version=\u00bb4.22.2&#8243; _module_preset=\u00bbdefault\u00bb title_font=\u00bb||||||||\u00bb title_text_color=\u00bb#28436b\u00bb number_text_color=\u00bb#eda011&#8243; background_color=\u00bb#f7f7f7&#8243; background_enable_pattern_style=\u00bbon\u00bb background_pattern_style=\u00bbcubes\u00bb background_pattern_color=\u00bbrgba(0,0,0,0.04)\u00bb border_radii=\u00bbon|10px|10px|10px|10px\u00bb text_shadow_style=\u00bbpreset2&#8243; global_colors_info=\u00bb{}\u00bb][\/et_pb_number_counter][et_pb_number_counter title=\u00bbClientes satisfechos\u00bb number=\u00bb1200&#8243; percent_sign=\u00bboff\u00bb _builder_version=\u00bb4.22.2&#8243; _module_preset=\u00bbdefault\u00bb title_font=\u00bb||||||||\u00bb title_text_color=\u00bb#28436b\u00bb number_text_color=\u00bb#eda011&#8243; background_color=\u00bb#f7f7f7&#8243; background_enable_pattern_style=\u00bbon\u00bb background_pattern_style=\u00bbcubes\u00bb background_pattern_color=\u00bbrgba(0,0,0,0.04)\u00bb border_radii=\u00bbon|10px|10px|10px|10px\u00bb text_shadow_style=\u00bbpreset2&#8243; global_colors_info=\u00bb{}\u00bb][\/et_pb_number_counter][et_pb_number_counter title=\u00bbInstalaciones realizadas\u00bb number=\u00bb600&#8243; percent_sign=\u00bboff\u00bb _builder_version=\u00bb4.22.2&#8243; _module_preset=\u00bbdefault\u00bb title_font=\u00bb||||||||\u00bb title_text_color=\u00bb#28436b\u00bb number_text_color=\u00bb#eda011&#8243; background_color=\u00bb#f7f7f7&#8243; background_enable_pattern_style=\u00bbon\u00bb background_pattern_style=\u00bbcubes\u00bb background_pattern_color=\u00bbrgba(0,0,0,0.04)\u00bb border_radii=\u00bbon|10px|10px|10px|10px\u00bb text_shadow_style=\u00bbpreset2&#8243; global_colors_info=\u00bb{}\u00bb][\/et_pb_number_counter][\/et_pb_column][\/et_pb_row][\/et_pb_section][et_pb_section fb_built=\u00bb1&#8243; _builder_version=\u00bb4.22.2&#8243; _module_preset=\u00bbdefault\u00bb background_color=\u00bb#28436b\u00bb custom_margin=\u00bb0px||0px||true|false\u00bb custom_padding=\u00bb1rem||0rem||false|false\u00bb global_colors_info=\u00bb{}\u00bb][et_pb_row _builder_version=\u00bb4.22.2&#8243; _module_preset=\u00bbdefault\u00bb global_colors_info=\u00bb{}\u00bb][et_pb_column type=\u00bb4_4&#8243; _builder_version=\u00bb4.22.2&#8243; _module_preset=\u00bbdefault\u00bb global_colors_info=\u00bb{}\u00bb][et_pb_heading title=\u00bbNUESTROS VALORES\u00bb _builder_version=\u00bb4.22.2&#8243; _module_preset=\u00bbdefault\u00bb title_font=\u00bbVarela Round|700|||||||\u00bb title_text_align=\u00bbcenter\u00bb title_text_color=\u00bb#eda011&#8243; background_enable_color=\u00bboff\u00bb global_colors_info=\u00bb{}\u00bb][\/et_pb_heading][\/et_pb_column][\/et_pb_row][\/et_pb_section][et_pb_section fb_built=\u00bb1&#8243; _builder_version=\u00bb4.22.2&#8243; _module_preset=\u00bbdefault\u00bb background_color=\u00bb#28436b\u00bb custom_margin=\u00bb0rem||0rem||false|false\u00bb custom_padding=\u00bb0rem||0rem||false|false\u00bb top_divider_flip=\u00bbvertical\u00bb global_colors_info=\u00bb{}\u00bb][et_pb_row column_structure=\u00bb1_5,1_5,1_5,1_5,1_5&#8243; _builder_version=\u00bb4.22.2&#8243; _module_preset=\u00bbdefault\u00bb global_colors_info=\u00bb{}\u00bb][et_pb_column type=\u00bb1_5&#8243; _builder_version=\u00bb4.22.2&#8243; _module_preset=\u00bbdefault\u00bb global_colors_info=\u00bb{}\u00bb][et_pb_icon font_icon=\u00bb&#xf0c0;||fa||900&#8243; icon_color=\u00bb#eda011&#8243; icon_width=\u00bb4rem\u00bb module_class=\u00bbicono-bailon\u00bb _builder_version=\u00bb4.22.2&#8243; _module_preset=\u00bbdefault\u00bb global_colors_info=\u00bb{}\u00bb][\/et_pb_icon][et_pb_heading title=\u00bbOrientaci\u00f3n al cliente\u00bb _builder_version=\u00bb4.22.2&#8243; _module_preset=\u00bbdefault\u00bb title_font=\u00bbVarela Round||||||||\u00bb title_text_align=\u00bbcenter\u00bb title_text_color=\u00bb#ffffff\u00bb global_colors_info=\u00bb{}\u00bb][\/et_pb_heading][\/et_pb_column][et_pb_column type=\u00bb1_5&#8243; _builder_version=\u00bb4.22.2&#8243; _module_preset=\u00bbdefault\u00bb global_colors_info=\u00bb{}\u00bb][et_pb_icon font_icon=\u00bb&#xf164;||fa||400&#8243; icon_color=\u00bb#eda011&#8243; icon_width=\u00bb4rem\u00bb module_class=\u00bbicono-bailon\u00bb _builder_version=\u00bb4.22.2&#8243; _module_preset=\u00bbdefault\u00bb global_colors_info=\u00bb{}\u00bb][\/et_pb_icon][et_pb_heading title=\u00bbHonestidad\u00bb _builder_version=\u00bb4.22.2&#8243; _module_preset=\u00bbdefault\u00bb title_font=\u00bbVarela Round||||||||\u00bb title_text_align=\u00bbcenter\u00bb title_text_color=\u00bb#ffffff\u00bb global_colors_info=\u00bb{}\u00bb][\/et_pb_heading][\/et_pb_column][et_pb_column type=\u00bb1_5&#8243; _builder_version=\u00bb4.22.2&#8243; _module_preset=\u00bbdefault\u00bb global_colors_info=\u00bb{}\u00bb][et_pb_icon font_icon=\u00bb&#xf1fe;||fa||900&#8243; icon_color=\u00bb#eda011&#8243; icon_width=\u00bb4rem\u00bb module_class=\u00bbicono-bailon\u00bb _builder_version=\u00bb4.22.2&#8243; _module_preset=\u00bbdefault\u00bb global_colors_info=\u00bb{}\u00bb][\/et_pb_icon][et_pb_heading title=\u00bbProfesionalidad\u00bb _builder_version=\u00bb4.22.2&#8243; _module_preset=\u00bbdefault\u00bb title_font=\u00bbVarela Round||||||||\u00bb title_text_align=\u00bbcenter\u00bb title_text_color=\u00bb#ffffff\u00bb global_colors_info=\u00bb{}\u00bb][\/et_pb_heading][\/et_pb_column][et_pb_column type=\u00bb1_5&#8243; _builder_version=\u00bb4.22.2&#8243; _module_preset=\u00bbdefault\u00bb global_colors_info=\u00bb{}\u00bb][et_pb_icon font_icon=\u00bb&#xf200;||fa||900&#8243; icon_color=\u00bb#eda011&#8243; icon_width=\u00bb4rem\u00bb module_class=\u00bbicono-bailon\u00bb _builder_version=\u00bb4.22.2&#8243; _module_preset=\u00bbdefault\u00bb global_colors_info=\u00bb{}\u00bb][\/et_pb_icon][et_pb_heading title=\u00bbCapacidad de trabajo\u00bb _builder_version=\u00bb4.22.2&#8243; _module_preset=\u00bbdefault\u00bb title_font=\u00bbVarela Round||||||||\u00bb title_text_align=\u00bbcenter\u00bb title_text_color=\u00bb#ffffff\u00bb global_colors_info=\u00bb{}\u00bb][\/et_pb_heading][\/et_pb_column][et_pb_column type=\u00bb1_5&#8243; _builder_version=\u00bb4.22.2&#8243; _module_preset=\u00bbdefault\u00bb global_colors_info=\u00bb{}\u00bb][et_pb_icon font_icon=\u00bb&#xf3fa;||fa||900&#8243; icon_color=\u00bb#eda011&#8243; icon_width=\u00bb4rem\u00bb module_class=\u00bbicono-bailon\u00bb _builder_version=\u00bb4.22.2&#8243; _module_preset=\u00bbdefault\u00bb global_colors_info=\u00bb{}\u00bb][\/et_pb_icon][et_pb_heading title=\u00bbInnovaci\u00f3n\u00bb _builder_version=\u00bb4.22.2&#8243; _module_preset=\u00bbdefault\u00bb title_font=\u00bbVarela Round||||||||\u00bb title_text_align=\u00bbcenter\u00bb title_text_color=\u00bb#ffffff\u00bb global_colors_info=\u00bb{}\u00bb][\/et_pb_heading][\/et_pb_column][\/et_pb_row][\/et_pb_section][et_pb_section fb_built=\u00bb1&#8243; _builder_version=\u00bb4.22.2&#8243; _module_preset=\u00bbdefault\u00bb background_color=\u00bb#eda011&#8243; background_enable_pattern_style=\u00bbon\u00bb background_pattern_style=\u00bbzig-zag\u00bb background_pattern_color=\u00bbrgba(0,0,0,0.02)\u00bb background_pattern_size=\u00bbcustom\u00bb background_pattern_width=\u00bb937px\u00bb background_pattern_height=\u00bb760px\u00bb background_pattern_repeat_origin=\u00bbcenter\u00bb background_pattern_blend_mode=\u00bbmultiply\u00bb top_divider_style=\u00bbwave2&#8243; top_divider_color=\u00bb#28436b\u00bb top_divider_flip=\u00bbhorizontal\u00bb hover_enabled=\u00bb0&#8243; global_colors_info=\u00bb{}\u00bb sticky_enabled=\u00bb0&#8243; disabled_on=\u00bbon|on|on\u00bb disabled=\u00bbon\u00bb][et_pb_row column_structure=\u00bb3_5,2_5&#8243; _builder_version=\u00bb4.22.2&#8243; _module_preset=\u00bbdefault\u00bb custom_padding=\u00bb4rem||||false|false\u00bb global_colors_info=\u00bb{}\u00bb][et_pb_column type=\u00bb3_5&#8243; _builder_version=\u00bb4.22.2&#8243; _module_preset=\u00bbdefault\u00bb global_colors_info=\u00bb{}\u00bb][et_pb_accordion open_toggle_text_color=\u00bb#eda011&#8243; open_toggle_background_color=\u00bb#f9f9f9&#8243; closed_toggle_background_color=\u00bb#28436b\u00bb icon_color=\u00bb#eda011&#8243; _builder_version=\u00bb4.22.2&#8243; _module_preset=\u00bbdefault\u00bb toggle_text_color=\u00bb#FFFFFF\u00bb toggle_level=\u00bbh3&#8243; toggle_font=\u00bbVarela Round||||||||\u00bb body_font=\u00bb||||||||\u00bb body_text_align=\u00bbjustify\u00bb body_text_color=\u00bb#28436b\u00bb background_enable_color=\u00bboff\u00bb animation_style=\u00bbfold\u00bb animation_duration=\u00bb1400ms\u00bb border_radii=\u00bbon|5px|5px|5px|5px\u00bb border_color_all=\u00bb#28436b\u00bb box_shadow_style=\u00bbpreset2&#8243; global_colors_info=\u00bb{}\u00bb][et_pb_accordion_item title=\u00bbConsultor\u00eda Energ\u00e9tica Residencial\u00bb open=\u00bbon\u00bb _builder_version=\u00bb4.22.2&#8243; _module_preset=\u00bbdefault\u00bb background_enable_color=\u00bboff\u00bb global_colors_info=\u00bb{}\u00bb]<\/p>\n<p>Your content goes here. Edit or remove this text inline or in the module Content settings. You can also style every aspect of this content in the module Design settings and even apply custom CSS to this text in the module Advanced settings.You can also style every aspect of this content in the module Design settings and even apply custom CSS to this text in the module Advanced settings .You can also style every aspect of this content in the module.<\/p>\n<p>[\/et_pb_accordion_item][et_pb_accordion_item title=\u00bbConsultor\u00eda Energ\u00e9tica PYMEs\u00bb _builder_version=\u00bb4.22.2&#8243; _module_preset=\u00bbdefault\u00bb global_colors_info=\u00bb{}\u00bb open=\u00bboff\u00bb]<\/p>\n<p>Your content goes here. Edit or remove this text inline or in the module Content settings. You can also style every aspect of this content in the module Design settings and even apply custom CSS to this text in the module Advanced settings.<\/p>\n<p>[\/et_pb_accordion_item][et_pb_accordion_item title=\u00bbDepartamento de Ingenier\u00eda\u00bb _builder_version=\u00bb4.22.2&#8243; _module_preset=\u00bbdefault\u00bb global_colors_info=\u00bb{}\u00bb open=\u00bboff\u00bb]<\/p>\n<p>Your content goes here. Edit or remove this text inline or in the module Content settings. You can also style every aspect of this content in the module Design settings and even apply custom CSS to this text in the module Advanced settings.<\/p>\n<p>[\/et_pb_accordion_item][\/et_pb_accordion][\/et_pb_column][et_pb_column type=\u00bb2_5&#8243; _builder_version=\u00bb4.22.2&#8243; _module_preset=\u00bbdefault\u00bb background_color=\u00bb#f9f9f9&#8243; custom_padding=\u00bb2rem|2rem|2rem|2rem|true|true\u00bb border_radii=\u00bbon|5px|5px|5px|5px\u00bb border_color_all=\u00bb#28436b\u00bb box_shadow_style=\u00bbpreset1&#8243; global_colors_info=\u00bb{}\u00bb][et_pb_text _builder_version=\u00bb4.22.2&#8243; _module_preset=\u00bbdefault\u00bb text_text_color=\u00bb#1c1c1c\u00bb global_colors_info=\u00bb{}\u00bb]<\/p>\n<p style=\"text-align: justify;\">En EVENTAS ENERG\u00cdA, nos esforzamos por ser m\u00e1s que un simple proveedor de servicios energ\u00e9ticos. Somos tu compa\u00f1ero de confianza, comprometido con la excelencia, innovaci\u00f3n y la satisfacci\u00f3n total del cliente.<\/p>\n<p>[\/et_pb_text][et_pb_cta title=\u00bbAtenci\u00f3n al Cliente Presencial\u00bb button_text=\u00bbClick Here\u00bb _builder_version=\u00bb4.22.2&#8243; _module_preset=\u00bbdefault\u00bb header_font=\u00bbVarela Round||||||||\u00bb header_text_align=\u00bbcenter\u00bb header_text_color=\u00bb#eda011&#8243; header_line_height=\u00bb1.3em\u00bb background_color=\u00bb#28436b\u00bb text_orientation=\u00bbjustified\u00bb custom_margin=\u00bb||||false|false\u00bb custom_padding=\u00bb||||false|false\u00bb custom_css_promo_title=\u00bbpadding-bottom: 1.6rem;\u00bb border_radii=\u00bbon|5px|5px|5px|5px\u00bb global_colors_info=\u00bb{}\u00bb]<\/p>\n<p><strong>C\u00e1diz<\/strong>: Calle Cronos, N\u00famero 1, 11008.<\/p>\n<p><strong>Granada<\/strong>: Calle Bruselas, Local 11-12, 18008.<\/p>\n<p>[\/et_pb_cta][\/et_pb_column][\/et_pb_row][\/et_pb_section]<\/p>\n","protected":false},"excerpt":{"rendered":"<p>Your content goes here. Edit or remove this text inline or in the module Content settings. You can also style every aspect of this content in the module Design settings and even apply custom CSS to this text in the module Advanced settings.Your content goes here. Edit or remove this text inline or in the [&hellip;]<\/p>\n","protected":false},"author":1,"featured_media":0,"parent":0,"menu_order":0,"comment_status":"closed","ping_status":"closed","template":"","meta":{"_et_pb_use_builder":"on","_et_pb_old_content":"<!-- wp:paragraph -->\n<p>Esta es una p\u00e1gina de ejemplo. Es diferente a una entrada del blog porque permanecer\u00e1 en un solo lugar y aparecer\u00e1 en la navegaci\u00f3n de tu sitio (en la mayor\u00eda de los temas). La mayor\u00eda de las personas comienzan con una p\u00e1gina \u00abAcerca de\u00bb que les presenta a los visitantes potenciales del sitio. Podr\u00edas decir algo as\u00ed:<\/p>\n<!-- \/wp:paragraph -->\n\n<!-- wp:quote -->\n<blockquote class=\"wp-block-quote\"><p>\u00a1Hola! Soy camarero de d\u00eda, aspirante a actor de noche y esta es mi web. Vivo en Mairena del Alcor, tengo un perro que se llama Firulais y me gusta el rebujito. (Y las tardes largas con caf\u00e9).<\/p><\/blockquote>\n<!-- \/wp:quote -->\n\n<!-- wp:paragraph -->\n<p>\u2026o algo as\u00ed:<\/p>\n<!-- \/wp:paragraph -->\n\n<!-- wp:quote -->\n<blockquote class=\"wp-block-quote\"><p>La empresa \u00abMariscos Recio\u00bb fue fundada por Antonio Recio Mata. Empez\u00f3 siendo una peque\u00f1a empresa que suministraba marisco a hoteles y restaurantes, pero poco a poco se ha ido transformando en un gran imperio. Mariscos Recio, el mar al mejor precio.<\/p><\/blockquote>\n<!-- \/wp:quote -->\n\n<!-- wp:paragraph -->\n<p>Como nuevo usuario de WordPress, deber\u00edas ir a <a href=\"https:\/\/eventasenergia.kernel-solutions.net\/wp-admin\/\">tu escritorio<\/a> para borrar esta p\u00e1gina y crear nuevas p\u00e1ginas para tu contenido. \u00a1P\u00e1salo bien!<\/p>\n<!-- \/wp:paragraph -->","_et_gb_content_width":"","footnotes":""},"class_list":["post-147","page","type-page","status-publish","hentry"],"_links":{"self":[{"href":"https:\/\/eventasenergia.kernel-solutions.net\/index.php\/wp-json\/wp\/v2\/pages\/147","targetHints":{"allow":["GET"]}}],"collection":[{"href":"https:\/\/eventasenergia.kernel-solutions.net\/index.php\/wp-json\/wp\/v2\/pages"}],"about":[{"href":"https:\/\/eventasenergia.kernel-solutions.net\/index.php\/wp-json\/wp\/v2\/types\/page"}],"author":[{"embeddable":true,"href":"https:\/\/eventasenergia.kernel-solutions.net\/index.php\/wp-json\/wp\/v2\/users\/1"}],"replies":[{"embeddable":true,"href":"https:\/\/eventasenergia.kernel-solutions.net\/index.php\/wp-json\/wp\/v2\/comments?post=147"}],"version-history":[{"count":1,"href":"https:\/\/eventasenergia.kernel-solutions.net\/index.php\/wp-json\/wp\/v2\/pages\/147\/revisions"}],"predecessor-version":[{"id":148,"href":"https:\/\/eventasenergia.kernel-solutions.net\/index.php\/wp-json\/wp\/v2\/pages\/147\/revisions\/148"}],"wp:attachment":[{"href":"https:\/\/eventasenergia.kernel-solutions.net\/index.php\/wp-json\/wp\/v2\/media?parent=147"}],"curies":[{"name":"wp","href":"https:\/\/api.w.org\/{rel}","templated":true}]}}